{"id":300,"date":"2022-03-12T09:56:40","date_gmt":"2022-03-12T08:56:40","guid":{"rendered":"https:\/\/lara.vcd.org\/stuttgart\/?page_id=300"},"modified":"2022-04-24T22:35:39","modified_gmt":"2022-04-24T20:35:39","slug":"wozu-ein-lastenrad-nutzen","status":"publish","type":"page","link":"https:\/\/lara.vcd.org\/stuttgart\/wozu-ein-lastenrad-nutzen\/","title":{"rendered":"Wozu ein Lastenrad nutzen"},"content":{"rendered":"\n<p>Lastenr\u00e4der sind sehr praktisch, da man mit der Ladung direkt bis zum Ziel fahren kann. Sie d\u00fcrfen z.B. auch durch die Fu\u00dfg\u00e4ngerzone und im Park fahren (wenn sie mit dem Zusatzzeichen \u201cRad frei\u201d beschildert sind).<\/p>\n\n\n\n<p>Standard-Nutzungen k\u00f6nnen sein:<\/p>\n\n\n\n<ul><li>Lebensmittel transportieren<\/li><li>Getr\u00e4nkekisten transportieren<\/li><li>zu einem Event fahren<\/li><li>Kinder transportieren<\/li><li>M\u00f6bel transportieren<\/li><\/ul>\n\n\n\n<p>Besondere Nutzungen k\u00f6nnen sein:<\/p>\n\n\n\n<ul><li>Apfelernte aus dem Schrebergarten transportieren<\/li><li>Wochenendtour mit Kindern und Hund<\/li><li>Weihnachtsbaum kaufen<\/li><li>kaputtes Fahrrad transportieren<\/li><li>Umzug \/ Renovierung<\/li><li>Altglas, Altpapier wegbringen<\/li><li>Grill und Partyausstattung in den Park bringen<\/li><\/ul>\n\n\n\n<p>Das Fazit einer&nbsp;<a href=\"http:\/\/dein-lastenrad.de\/images\/b\/b2\/FactSheet-Nutzerstudie_v3.pdf\">wissenschaftlichen Auswertung<\/a>&nbsp;von Lastenrad-Verleihen bringt es auf dem Punkt:<\/p>\n\n\n\n<blockquote class=\"wp-block-quote is-layout-flow wp-block-quote-is-layout-flow\"><p>Im Kern motivieren die R\u00e4der dazu, das eigene Verhalten in Frage zu stellen, und erzeugen spielerisch die Motivation, Strecken mit dem Lastenrad zu machen.<\/p><\/blockquote>\n\n\n\n<p>Der <a href=\"https:\/\/www.vcd.org\/artikel\/fahren-transportieren\">VCD Bundesverband<\/a> stellte in einem vom Bundesumweltamt gef\u00f6rderten Projekt viele Fakten und Erfahrungen zu Lastenr\u00e4dern zusammen, sie sind unter <a rel=\"noreferrer noopener\" href=\"https:\/\/lastenrad.vcd.org\" target=\"_blank\">lastenrad.vcd.org<\/a> verf\u00fcgbar. <\/p>\n","protected":false},"excerpt":{"rendered":"<p>Lastenr\u00e4der sind sehr praktisch, da man mit der Ladung direkt bis zum Ziel fahren kann. Sie d\u00fcrfen z.B. auch durch die Fu\u00dfg\u00e4ngerzone und im Park fahren (wenn sie mit dem Zusatzzeichen \u201cRad frei\u201d beschildert sind). Standard-Nutzungen k\u00f6nnen sein: Lebensmittel transportieren Getr\u00e4nkekisten transportieren zu einem Event fahren Kinder transportieren M\u00f6bel transportieren Besondere Nutzungen k\u00f6nnen sein: Apfelernte&hellip;&nbsp;<a href=\"https:\/\/lara.vcd.org\/stuttgart\/wozu-ein-lastenrad-nutzen\/\" class=\"\" rel=\"bookmark\">Weiterlesen &raquo;<span class=\"screen-reader-text\">Wozu ein Lastenrad nutzen<\/span><\/a><\/p>\n","protected":false},"author":1,"featured_media":0,"parent":0,"menu_order":0,"comment_status":"closed","ping_status":"closed","template":"","meta":{"neve_meta_sidebar":"","neve_meta_container":"","neve_meta_enable_content_width":"","neve_meta_content_width":0,"neve_meta_title_alignment":"","neve_meta_author_avatar":"","neve_post_elements_order":"","neve_meta_disable_header":"","neve_meta_disable_footer":"","neve_meta_disable_title":"","footnotes":""},"_links":{"self":[{"href":"https:\/\/lara.vcd.org\/stuttgart\/wp-json\/wp\/v2\/pages\/300"}],"collection":[{"href":"https:\/\/lara.vcd.org\/stuttgart\/wp-json\/wp\/v2\/pages"}],"about":[{"href":"https:\/\/lara.vcd.org\/stuttgart\/wp-json\/wp\/v2\/types\/page"}],"author":[{"embeddable":true,"href":"https:\/\/lara.vcd.org\/stuttgart\/wp-json\/wp\/v2\/users\/1"}],"replies":[{"embeddable":true,"href":"https:\/\/lara.vcd.org\/stuttgart\/wp-json\/wp\/v2\/comments?post=300"}],"version-history":[{"count":6,"href":"https:\/\/lara.vcd.org\/stuttgart\/wp-json\/wp\/v2\/pages\/300\/revisions"}],"predecessor-version":[{"id":529,"href":"https:\/\/lara.vcd.org\/stuttgart\/wp-json\/wp\/v2\/pages\/300\/revisions\/529"}],"wp:attachment":[{"href":"https:\/\/lara.vcd.org\/stuttgart\/wp-json\/wp\/v2\/media?parent=300"}],"curies":[{"name":"wp","href":"https:\/\/api.w.org\/{rel}","templated":true}]}}