{"id":311,"date":"2022-03-16T07:32:47","date_gmt":"2022-03-16T06:32:47","guid":{"rendered":"https:\/\/lara.vcd.org\/stuttgart\/?page_id=311"},"modified":"2022-04-24T22:17:40","modified_gmt":"2022-04-24T20:17:40","slug":"weitere-lastenraeder-in-stuttgart","status":"publish","type":"page","link":"https:\/\/lara.vcd.org\/stuttgart\/weitere-lastenraeder-in-stuttgart\/","title":{"rendered":"Weitere Lastenr\u00e4der in Stuttgart"},"content":{"rendered":"\n<p>Im Stadtgebiet gibt es das <a href=\"https:\/\/www.lastenrad-stuttgart.de\/\">freie Lastenrad Stuttgart<\/a> das kostenlos verschiedene Lastenr\u00e4der verleiht.<\/p>\n\n\n\n<p>Au\u00dferdem k\u00f6nnen bei <a href=\"https:\/\/www.regioradstuttgart.de\">RegioRadStuttgart<\/a> f\u00fcr einen kleinen Beitrag  Lastenr\u00e4der ausgeliehen werden.<\/p>\n\n\n\n<p>Alles sind Elektro-Bikes, so dass bequem Eink\u00e4ufe oder andere Lasten auch auf jeden Berg transportiert werden k\u00f6nnen.<\/p>\n","protected":false},"excerpt":{"rendered":"<p>Im Stadtgebiet gibt es das freie Lastenrad Stuttgart das kostenlos verschiedene Lastenr\u00e4der verleiht. Au\u00dferdem k\u00f6nnen bei RegioRadStuttgart f\u00fcr einen kleinen Beitrag Lastenr\u00e4der ausgeliehen werden. Alles sind Elektro-Bikes, so dass bequem Eink\u00e4ufe oder andere Lasten auch auf jeden Berg transportiert werden k\u00f6nnen.<\/p>\n","protected":false},"author":1,"featured_media":0,"parent":0,"menu_order":0,"comment_status":"closed","ping_status":"closed","template":"","meta":{"neve_meta_sidebar":"","neve_meta_container":"","neve_meta_enable_content_width":"","neve_meta_content_width":0,"neve_meta_title_alignment":"","neve_meta_author_avatar":"","neve_post_elements_order":"","neve_meta_disable_header":"","neve_meta_disable_footer":"","neve_meta_disable_title":"","footnotes":""},"_links":{"self":[{"href":"https:\/\/lara.vcd.org\/stuttgart\/wp-json\/wp\/v2\/pages\/311"}],"collection":[{"href":"https:\/\/lara.vcd.org\/stuttgart\/wp-json\/wp\/v2\/pages"}],"about":[{"href":"https:\/\/lara.vcd.org\/stuttgart\/wp-json\/wp\/v2\/types\/page"}],"author":[{"embeddable":true,"href":"https:\/\/lara.vcd.org\/stuttgart\/wp-json\/wp\/v2\/users\/1"}],"replies":[{"embeddable":true,"href":"https:\/\/lara.vcd.org\/stuttgart\/wp-json\/wp\/v2\/comments?post=311"}],"version-history":[{"count":2,"href":"https:\/\/lara.vcd.org\/stuttgart\/wp-json\/wp\/v2\/pages\/311\/revisions"}],"predecessor-version":[{"id":519,"href":"https:\/\/lara.vcd.org\/stuttgart\/wp-json\/wp\/v2\/pages\/311\/revisions\/519"}],"wp:attachment":[{"href":"https:\/\/lara.vcd.org\/stuttgart\/wp-json\/wp\/v2\/media?parent=311"}],"curies":[{"name":"wp","href":"https:\/\/api.w.org\/{rel}","templated":true}]}}